{"id":3,"date":"2020-11-09T19:54:00","date_gmt":"2020-11-09T19:54:00","guid":{"rendered":"https:\/\/web6.securenet.cc\/?page_id=3"},"modified":"2025-10-16T13:43:09","modified_gmt":"2025-10-16T12:43:09","slug":"privacy-policy","status":"publish","type":"page","link":"https:\/\/pimpfactory.de\/index.php\/privacy-policy\/","title":{"rendered":"Impressum"},"content":{"rendered":"<h1>Impressum<\/h1>\n<div>\n<p>Trotz sorgf\u00e4ltiger inhaltlicher Kontrolle \u00fcbernehmen wir keine Haftung f\u00fcr die Inhalte externer Links. F\u00fcr den Inhalt der verlinkten Seiten sind ausschlie\u00dflich deren Betreiber verantwortlich.<br \/>\nAlle Angaben zu Preisen, Produkttexten, Produktbildern sind ohne Gew\u00e4hr, Irrt\u00fcmer und technische \u00c4nderungen vorbehalten.<\/p>\n<p>Trotz sorgf\u00e4ltiger inhaltlicher Kontrolle \u00fcbernehmen wir keine Haftung f\u00fcr die Inhalte externer Links. F\u00fcr den Inhalt der verlinkten Seiten sind ausschlie\u00dflich deren Betreiber verantwortlich.<\/p>\n<p>Copyright 2021 Oliver Raukohl<\/p>\n<p>Gestaltung und Umsetzung: Oliver Raukohl<\/p>\n<p>Firma: Oliver Raukohl (ElectricRide)<\/p>\n<\/div>\n<table class=\"Imprint\">\n<tbody>\n<tr>\n<td class=\"Label\">Adresse<\/td>\n<td>ElectricRide<br \/>\nIserlohner Str. 123<br \/>\n59427 Unna<br \/>\nDeutschland<\/td>\n<\/tr>\n<tr>\n<td class=\"Label\">Telefon<\/td>\n<td>015202944721<\/td>\n<\/tr>\n<tr>\n<td class=\"Label\">Ansprechpartner<\/td>\n<td>Oliver Raukohl<\/td>\n<\/tr>\n<tr>\n<td class=\"Label\">E-Mail<\/td>\n<td>umbau@electricride.de<\/td>\n<\/tr>\n<\/tbody>\n<\/table>\n<div class=\"ImprintText\">\n<p><b>Steueridentifikation<\/b><br \/>\nUSt-IdNr.:DE298481560<\/p>\n<p><b>Bankverbindung<\/b><br \/>\nName der Bank: Volksbank Unna<br \/>\nIBAN: DE98441600143602455700<br \/>\nBIC: GNODEM1DOR<br \/>\nKontoinhaber: Oliver Raukohl<\/p>\n<\/div>\n","protected":false},"excerpt":{"rendered":"<p>Impressum Trotz sorgf\u00e4ltiger inhaltlicher Kontrolle \u00fcbernehmen wir keine Haftung f\u00fcr die Inhalte externer Links. F\u00fcr den Inhalt der verlinkten Seiten sind ausschlie\u00dflich deren Betreiber verantwortlich. Alle Angaben zu Preisen, Produkttexten, Produktbildern sind ohne Gew\u00e4hr, Irrt\u00fcmer und technische \u00c4nderungen vorbehalten. Trotz sorgf\u00e4ltiger inhaltlicher Kontrolle \u00fcbernehmen wir keine Haftung f\u00fcr die Inhalte externer Links. F\u00fcr den Inhalt&hellip;&nbsp;<a href=\"https:\/\/pimpfactory.de\/index.php\/privacy-policy\/\" class=\"\" rel=\"bookmark\">Weiterlesen &raquo;<span class=\"screen-reader-text\">Impressum<\/span><\/a><\/p>\n","protected":false},"author":1,"featured_media":0,"parent":0,"menu_order":0,"comment_status":"closed","ping_status":"open","template":"","meta":{"neve_meta_sidebar":"","neve_meta_container":"","neve_meta_enable_content_width":"off","neve_meta_content_width":70,"neve_meta_title_alignment":"","neve_meta_author_avatar":"","neve_post_elements_order":"","neve_meta_disable_header":"","neve_meta_disable_footer":"","neve_meta_disable_title":""},"_links":{"self":[{"href":"https:\/\/pimpfactory.de\/index.php\/wp-json\/wp\/v2\/pages\/3"}],"collection":[{"href":"https:\/\/pimpfactory.de\/index.php\/wp-json\/wp\/v2\/pages"}],"about":[{"href":"https:\/\/pimpfactory.de\/index.php\/wp-json\/wp\/v2\/types\/page"}],"author":[{"embeddable":true,"href":"https:\/\/pimpfactory.de\/index.php\/wp-json\/wp\/v2\/users\/1"}],"replies":[{"embeddable":true,"href":"https:\/\/pimpfactory.de\/index.php\/wp-json\/wp\/v2\/comments?post=3"}],"version-history":[{"count":5,"href":"https:\/\/pimpfactory.de\/index.php\/wp-json\/wp\/v2\/pages\/3\/revisions"}],"predecessor-version":[{"id":428,"href":"https:\/\/pimpfactory.de\/index.php\/wp-json\/wp\/v2\/pages\/3\/revisions\/428"}],"wp:attachment":[{"href":"https:\/\/pimpfactory.de\/index.php\/wp-json\/wp\/v2\/media?parent=3"}],"curies":[{"name":"wp","href":"https:\/\/api.w.org\/{rel}","templated":true}]}}